{"id":35,"date":"2023-12-10T09:06:12","date_gmt":"2023-12-10T08:06:12","guid":{"rendered":"https:\/\/teamhamspirit.de\/?page_id=35"},"modified":"2023-12-14T10:34:33","modified_gmt":"2023-12-14T09:34:33","slug":"teamhamspirit","status":"publish","type":"page","link":"https:\/\/teamhamspirit.de\/","title":{"rendered":"TeamHAMSPIRIT"},"content":{"rendered":"\n<p>Was macht sie aus, die&nbsp;<strong>\u201cFaszination Amateurfunk\u201d<\/strong>, &nbsp;in der heutigen digitalen und schnelllebigen Zeit?<br>In der wir alle \u00fcberall und jederzeit vernetzt sind, zu jeder Zeit jemand per Smartphone am anderen Punkt der Erde aus anrufen k\u00f6nnen oder ihm eine E-Mail zu schreiben.<\/p>\n\n\n<div class=\"wp-block-image\">\n<figure class=\"alignleft size-full is-resized\"><img loading=\"lazy\" decoding=\"async\" width=\"128\" height=\"128\" src=\"https:\/\/teamhamspirit.de\/wp-content\/uploads\/2023\/12\/13937989251692879993-128.png\" alt=\"\" class=\"wp-image-66\" style=\"width:49px;height:auto\"\/><\/figure>\n<\/div>\n\n\n<p><strong>Amateurfunk verbindet<\/strong>, Amateurfunk&nbsp;<strong>bildet<\/strong>, Amateurfunk&nbsp;<strong>rettet Leben<\/strong>&nbsp;und&nbsp;<strong>Amateurfunk begeistert&nbsp;<\/strong>und&nbsp;<strong>Amateurfunk macht Spa\u00df!<\/strong><\/p>\n\n\n\n<p>Jeder Funkamateur wird Euch etwas anderes sagen, was ihm an dem Hobby Amateurfunk so extrem begeistert, da die M\u00f6glichkeiten absolut gewaltig sind.<\/p>\n\n\n\n<p>Amateurfunk ist enorm vielseitig und bietet nur das reine Funkvergn\u00fcgen selbst.<br>Egal, ob Sprechfunk, Digitalfunk oder das Morsen, das Hobby Amateurfunk bietet vielf\u00e4ltige Kommunikationsm\u00f6glichkeiten.<\/p>\n\n\n\n<p>Gerade die Kombination aus&nbsp;Technik,&nbsp;Kommunikation&nbsp;und&nbsp;Experimentieren&nbsp;in verschiedensten Bereichen&nbsp;hat gerade im Zeitalter des Internets noch immer nicht ihren Reiz verloren, wo doch viele Dinge m\u00f6glich sind, die vor 30 Jahren noch echtes Science-Fiction&nbsp;gewesen sind.<\/p>\n\n\n<div class=\"wp-block-image\">\n<figure class=\"alignleft size-full is-resized\"><img loading=\"lazy\" decoding=\"async\" width=\"128\" height=\"128\" src=\"https:\/\/teamhamspirit.de\/wp-content\/uploads\/2023\/12\/13042992451683727312-128.png\" alt=\"\" class=\"wp-image-70\" style=\"width:49px;height:auto\"\/><\/figure>\n<\/div>\n\n\n<p><strong>Bei uns ist alles kostenlos! Kein Mitgliedsbeitrag, keine Verpflichtung zu irgendetwas!<\/strong><strong>Es geht bei uns ausschlie\u00dflich um unser Hobby und der gegenseitigen Hilfe.<\/strong><\/p>\n\n\n\n<p>Aber im Gegenteil, der Amateurfunk bietet dem Technikinteressierten die Gelegenheit, sich mit den&nbsp;Grundlagen der Kommunikationstechnik&nbsp;zu besch\u00e4ftigen und Kommunikationsm\u00f6glichkeiten wie&nbsp;Funkbetrieb \u00fcber Satelliten zu nutzen oder per Kurzwelle um die ganze Welt zu funken.<\/p>\n\n\n\n<p>Bei uns ist viel los \u2013 alles locker, ohne Zwang!<\/p>\n\n\n\n<ul class=\"wp-block-list\">\n<li>T\u00e4gliche Kommunikation, Austausch und Hilfestellung \u00fcber den Telegram-Messenger. Wir betreiben dort daf\u00fcr eine nach Themen geordnete Gruppe.<\/li>\n\n\n\n<li>Projekte: Wir arbeiten, je nach Interessenlage an unterschiedlichen Projekten. Und das auch \u00fcberregional. Dazu geh\u00f6ren, Antennenbau oder WebSDRs und viele andere Themen.<\/li>\n\n\n\n<li>Bastel-Meetings: Wir f\u00fchren Bastelwochenden durch. Diese werden so gehalten, dass auch weiter entfernte Interessierte daran teilnehmen k\u00f6nnen.<\/li>\n\n\n\n<li>Fielddays: Mehrmals im Jahre treffen wir uns (derzeit meistens in der N\u00e4he von Berlin) und f\u00fchren tolle Treffen und Funkmeetings durch.<\/li>\n\n\n\n<li>Online-Meetings: Wir f\u00fchren regelm\u00e4\u00dfig Video-Konferenzen durch, wo kleine und gro\u00dfe Probleme meistens gemeinsam in der Gruppe schnell gel\u00f6st werden k\u00f6nnen.<\/li>\n\n\n\n<li>News: in unsere Telegram-Gruppe gibt es t\u00e4glich, meistens mehrfach, interessante News aus dem Amateurfunkbereich \u2013 Du bist also immer gut informiert.<\/li>\n<\/ul>\n\n\n\n<p><br>Amateurfunk ist aber tats\u00e4chlich weit mehr als \u201cFunken\u201d. Tablets, Smartphones, App\u2019s, schnelles Internet, leistungsf\u00e4hige PC\u2019s stehen \u201ejedem\u201c zur Verf\u00fcgung \u2013 da ist die Erlangung der Amateurfunklizenz durch das Bestehen der technisch anspruchsvollen Pr\u00fcfung bei der \u201eBundes Netz Agentur\u201c f\u00fcr viele, vielleicht auch genau f\u00fcr Dich eine willkommene und spannende Herausforderung selbst einzusteigen und mitzumachen.<\/p>\n\n\n<div class=\"wp-block-image\">\n<figure class=\"alignleft size-full is-resized\"><img loading=\"lazy\" decoding=\"async\" width=\"128\" height=\"128\" src=\"https:\/\/teamhamspirit.de\/wp-content\/uploads\/2023\/12\/20555542341683658946-128.png\" alt=\"\" class=\"wp-image-71\" style=\"width:49px;height:auto\"\/><\/figure>\n<\/div>\n\n\n<p>Team HAMSPIRIT \u2013 Wir sind ein loser Zusammenschluss von Funkamateuren aus dem gesamten Bundesgebiet aus Luxemburg und der Schweiz. Die Idee und der Sinn der in der vor rund 8 Jahren gegr\u00fcndeten Gruppe, besteht zu 100% Spa\u00df am Hobby zu haben. Dabei z\u00e4hlt, sich nicht an Vereinsstatuten und Zw\u00e4ngen unterwerfen zu m\u00fcssen. Wir sind vollkommen frei und geh\u00f6ren keinen Verein an. Einige unserer Mitglieder sind Mitglied im DARC, anderen wiederum nicht. Jeder, wie er mag! Bei uns z\u00e4hlt der aktive Spa\u00df am Hobby! Wir kommunizieren t\u00e4glich \u00fcber den Telegram-Messenger, haben dort spezielle Themengruppen und l\u00f6sen dar\u00fcber das eine oder anderen Problem. Ein Wiki, welches wir st\u00e4ndig erweitern, unterst\u00fctzt uns dabei.<\/p>\n\n\n<div class=\"wp-block-image\">\n<figure class=\"alignleft size-full is-resized\"><img loading=\"lazy\" decoding=\"async\" width=\"128\" height=\"128\" src=\"https:\/\/teamhamspirit.de\/wp-content\/uploads\/2023\/12\/5841731531683698041-128.png\" alt=\"\" class=\"wp-image-73\" style=\"width:49px;height:auto\"\/><\/figure>\n<\/div>\n\n\n<p><strong>Du m\u00f6chtest bei uns kostenlos und unverbindlich mitmachen?Dann schreibe uns einfach eine&nbsp;<a href=\"https:\/\/teamhamspirit.de\/?page_id=60\" data-type=\"page\" data-id=\"60\">kurze&nbsp;Mail<\/a>&nbsp;\u2013 wir melden uns umgehend!<\/strong><\/p>\n\n\n\n<p class=\"has-small-font-size\">HAMSPIRIT \u2013 Der Begriff&nbsp;<strong>Ham Spirit<\/strong>&nbsp;(v.&nbsp;<a href=\"https:\/\/de.wikipedia.org\/wiki\/Englische_Sprache\">engl.<\/a>&nbsp;<a href=\"https:\/\/de.wikipedia.org\/wiki\/Funkamateur#Ham\"><strong><em>Ham<\/em><\/strong><\/a>&nbsp;\u201eFunkamateur\u201c und&nbsp;<strong><em>spirit<\/em><\/strong>&nbsp;\u201eGeist\u201c) bezeichnet einen Ehrenkodex im Amateurfunk.<\/p>\n","protected":false},"excerpt":{"rendered":"<p>Was macht sie aus, die&nbsp;\u201cFaszination Amateurfunk\u201d, &nbsp;in der heutigen digitalen und schnelllebigen Zeit?In der wir alle \u00fcberall und jederzeit vernetzt sind, zu jeder Zeit jemand per Smartphone am anderen Punkt der Erde aus anrufen k\u00f6nnen oder ihm eine E-Mail zu schreiben. Amateurfunk verbindet, Amateurfunk&nbsp;bildet, Amateurfunk&nbsp;rettet Leben&nbsp;und&nbsp;Amateurfunk begeistert&nbsp;und&nbsp;Amateurfunk macht Spa\u00df! Jeder Funkamateur wird Euch etwas anderes [&hellip;]<\/p>\n","protected":false},"author":1,"featured_media":0,"parent":0,"menu_order":0,"comment_status":"closed","ping_status":"closed","template":"","meta":{"footnotes":""},"class_list":["post-35","page","type-page","status-publish","hentry"],"_links":{"self":[{"href":"https:\/\/teamhamspirit.de\/index.php?rest_route=\/wp\/v2\/pages\/35","targetHints":{"allow":["GET"]}}],"collection":[{"href":"https:\/\/teamhamspirit.de\/index.php?rest_route=\/wp\/v2\/pages"}],"about":[{"href":"https:\/\/teamhamspirit.de\/index.php?rest_route=\/wp\/v2\/types\/page"}],"author":[{"embeddable":true,"href":"https:\/\/teamhamspirit.de\/index.php?rest_route=\/wp\/v2\/users\/1"}],"replies":[{"embeddable":true,"href":"https:\/\/teamhamspirit.de\/index.php?rest_route=%2Fwp%2Fv2%2Fcomments&post=35"}],"version-history":[{"count":7,"href":"https:\/\/teamhamspirit.de\/index.php?rest_route=\/wp\/v2\/pages\/35\/revisions"}],"predecessor-version":[{"id":75,"href":"https:\/\/teamhamspirit.de\/index.php?rest_route=\/wp\/v2\/pages\/35\/revisions\/75"}],"wp:attachment":[{"href":"https:\/\/teamhamspirit.de\/index.php?rest_route=%2Fwp%2Fv2%2Fmedia&parent=35"}],"curies":[{"name":"wp","href":"https:\/\/api.w.org\/{rel}","templated":true}]}}